{"id":100,"date":"2019-05-19T17:11:41","date_gmt":"2019-05-19T17:11:41","guid":{"rendered":"http:\/\/test.praxis-dr-seemann.de\/?page_id=100"},"modified":"2025-10-22T19:23:29","modified_gmt":"2025-10-22T19:23:29","slug":"bild","status":"publish","type":"page","link":"https:\/\/praxis-dr-seemann.de\/?page_id=100","title":{"rendered":"\u00d6ffnungszeiten"},"content":{"rendered":"\n<figure class=\"wp-block-table aligncenter is-style-stripes\"><table class=\"has-fixed-layout\"><tbody><tr><td>Montag:<\/td><td>8:30 &#8211; 12:00 Uhr     und   14:30 &#8211; 17:00 Uhr<\/td><\/tr><tr><td>Dienstag:<\/td><td>8:30 &#8211; 12:00 Uhr \u2003und   14:30 &#8211; 17:00 Uhr<\/td><\/tr><tr><td>Mittwoch:<\/td><td>geschlossen<\/td><\/tr><tr><td>Donnerstag:<\/td><td>8:30 &#8211; 12:00 Uhr \u2003und   14:30 &#8211; 18:00 Uhr<\/td><\/tr><tr><td>Freitag:<\/td><td>8:30 &#8211; 12:00 Uhr<\/td><\/tr><\/tbody><\/table><\/figure>\n\n\n\n<p class=\"has-text-align-left\" style=\"font-size:17px\"> <strong>Sprechstunden-Termin: <\/strong>Rufen Sie uns bitte an und vereinbaren Sie einen Termin. Diesen erhalten sie in der Regel in 1-3 Tagen, in dringenden F\u00e4llen auch noch am gleichen Tag. <\/p>\n\n\n\n<p class=\"has-text-align-left\" style=\"font-size:17px\"> <strong>Telefonsprechstunde:<\/strong>   T\u00e4glich w\u00e4hrend der Sprechstunde, wir rufen zwischen den Patientenbehandlungen zur\u00fcck.<\/p>\n\n\n\n<p class=\"has-text-align-left\" style=\"font-size:17px\"> Sie brauchen keinen Termin f\u00fcr eine Kurzberatung, z.B.  zur Blutdruckkontrolle, Verbandswechsel und \u00c4hnlichem,  jedoch bitte nicht gegen Ende der Sprechstunde<\/p>\n","protected":false},"excerpt":{"rendered":"<p>Montag: 8:30 &#8211; 12:00 Uhr und 14:30 &#8211; 17:00 Uhr Dienstag: 8:30 &#8211; 12:00 Uhr \u2003und 14:30 &#8211; 17:00 Uhr Mittwoch: geschlossen Donnerstag: 8:30 &#8211; 12:00 Uhr \u2003und 14:30 &#8211; 18:00 Uhr Freitag: 8:30 &#8211; 12:00 Uhr Sprechstunden-Termin: Rufen Sie uns bitte an und vereinbaren Sie einen Termin. Diesen erhalten sie in der Regel in &hellip; <\/p>\n<p class=\"link-more\"><a href=\"https:\/\/praxis-dr-seemann.de\/?page_id=100\" class=\"more-link\"><span class=\"screen-reader-text\">\u201e\u00d6ffnungszeiten\u201c<\/span> weiterlesen<\/a><\/p>\n","protected":false},"author":1,"featured_media":0,"parent":0,"menu_order":0,"comment_status":"closed","ping_status":"closed","template":"","meta":[],"_links":{"self":[{"href":"https:\/\/praxis-dr-seemann.de\/index.php?rest_route=\/wp\/v2\/pages\/100"}],"collection":[{"href":"https:\/\/praxis-dr-seemann.de\/index.php?rest_route=\/wp\/v2\/pages"}],"about":[{"href":"https:\/\/praxis-dr-seemann.de\/index.php?rest_route=\/wp\/v2\/types\/page"}],"author":[{"embeddable":true,"href":"https:\/\/praxis-dr-seemann.de\/index.php?rest_route=\/wp\/v2\/users\/1"}],"replies":[{"embeddable":true,"href":"https:\/\/praxis-dr-seemann.de\/index.php?rest_route=%2Fwp%2Fv2%2Fcomments&post=100"}],"version-history":[{"count":21,"href":"https:\/\/praxis-dr-seemann.de\/index.php?rest_route=\/wp\/v2\/pages\/100\/revisions"}],"predecessor-version":[{"id":584,"href":"https:\/\/praxis-dr-seemann.de\/index.php?rest_route=\/wp\/v2\/pages\/100\/revisions\/584"}],"wp:attachment":[{"href":"https:\/\/praxis-dr-seemann.de\/index.php?rest_route=%2Fwp%2Fv2%2Fmedia&parent=100"}],"curies":[{"name":"wp","href":"https:\/\/api.w.org\/{rel}","templated":true}]}}