{"id":30,"date":"2019-05-18T14:25:10","date_gmt":"2019-05-18T14:25:10","guid":{"rendered":"http:\/\/test.praxis-dr-seemann.de\/?page_id=30"},"modified":"2026-03-26T08:10:47","modified_gmt":"2026-03-26T08:10:47","slug":"willkommen","status":"publish","type":"page","link":"https:\/\/praxis-dr-seemann.de\/","title":{"rendered":"Startseite &#8211; Willkommen"},"content":{"rendered":"\n<p class=\"has-black-color has-text-color\" style=\"font-size:24px\"><strong>Schlie\u00dfung der Hausarztpraxis zum 27.03.2026<\/strong><\/p>\n\n\n\n<p>Liebe Patientinnen und Patienten,<\/p>\n\n\n\n<p>die Hausarztpraxis Dr. med. Karl-Heinz, Seemann schlie\u00dft zum <strong>27.M\u00e4rz 2026<\/strong>.<\/p>\n\n\n\n<p>Ab dem <strong>01.April 2026<\/strong> wird die \u00e4rztliche Versorgung in der neuen Zweigpraxis <strong>Panmedical MVZ Hausarztmedizin<\/strong> fortgef\u00fchrt.<\/p>\n\n\n\n<p><a href=\"https:\/\/pan-medical.de\/praxen\/hausarzt\/mainz-kostheim\"><strong>https:\/\/pan-medical.de\/praxen\/hausarzt\/mainz-kostheim<\/strong><\/a><\/p>\n\n\n\n<p>Die neuen Praxisr\u00e4ume befinden sich in der Hochheimerstr. 53, 55246 Mainz-Kostheim.<\/p>\n\n\n\n<p>Gerne k\u00f6nnen Sie dort weiterhin als Patient\/in betreut werden.<\/p>\n\n\n\n<p>Wir danken Ihnen herzlich f\u00fcr Ihr langj\u00e4hriges Vertrauen, Ihre Wertsch\u00e4tzung und die angenehme Zusammenarbeit.<\/p>\n\n\n\n<p>Ihr Praxisteam<\/p>\n\n\n\n<p>Dr. med. Karl-Heinz Seemann<\/p>\n\n\n\n<h3>Wir helfen ihnen, wenn sie krank sind.<\/h3>\n\n\n\n<figure class=\"wp-block-image\"><img loading=\"lazy\" width=\"200\" height=\"264\" src=\"http:\/\/praxis-dr-seemann.de\/wp-content\/uploads\/2019\/05\/A-Gallery_1-1-e1558384963852.jpg\" alt=\"\" class=\"wp-image-145\"\/><\/figure>\n\n\n\n<p>Wir h\u00f6ren ihre Beschwerden, wir untersuchen sie, wir denken \u00fcber ihr Leiden nach. <\/p>\n\n\n\n<p>Wir erkl\u00e4ren ihnen unsre  Einsch\u00e4tzung. Wir erl\u00e4utern ihnen unsren Vorschlag zum Umgang mit den Beschwerden.<\/p>\n\n\n\n<p>Wir \u00fcberlegen gemeinsam, ob Weiteres z.B. Labor, R\u00f6ntgen oder \u00dcberweisung zum Facharzt n\u00f6tig ist.  (eher selten)<br><\/p>\n","protected":false},"excerpt":{"rendered":"<p>Schlie\u00dfung der Hausarztpraxis zum 27.03.2026 Liebe Patientinnen und Patienten, die Hausarztpraxis Dr. med. Karl-Heinz, Seemann schlie\u00dft zum 27.M\u00e4rz 2026. Ab dem 01.April 2026 wird die \u00e4rztliche Versorgung in der neuen Zweigpraxis Panmedical MVZ Hausarztmedizin fortgef\u00fchrt. https:\/\/pan-medical.de\/praxen\/hausarzt\/mainz-kostheim Die neuen Praxisr\u00e4ume befinden sich in der Hochheimerstr. 53, 55246 Mainz-Kostheim. Gerne k\u00f6nnen Sie dort weiterhin als Patient\/in betreut &hellip; <\/p>\n<p class=\"link-more\"><a href=\"https:\/\/praxis-dr-seemann.de\/\" class=\"more-link\"><span class=\"screen-reader-text\">\u201eStartseite &#8211; Willkommen\u201c<\/span> weiterlesen<\/a><\/p>\n","protected":false},"author":1,"featured_media":0,"parent":0,"menu_order":0,"comment_status":"closed","ping_status":"closed","template":"","meta":[],"_links":{"self":[{"href":"https:\/\/praxis-dr-seemann.de\/index.php?rest_route=\/wp\/v2\/pages\/30"}],"collection":[{"href":"https:\/\/praxis-dr-seemann.de\/index.php?rest_route=\/wp\/v2\/pages"}],"about":[{"href":"https:\/\/praxis-dr-seemann.de\/index.php?rest_route=\/wp\/v2\/types\/page"}],"author":[{"embeddable":true,"href":"https:\/\/praxis-dr-seemann.de\/index.php?rest_route=\/wp\/v2\/users\/1"}],"replies":[{"embeddable":true,"href":"https:\/\/praxis-dr-seemann.de\/index.php?rest_route=%2Fwp%2Fv2%2Fcomments&post=30"}],"version-history":[{"count":45,"href":"https:\/\/praxis-dr-seemann.de\/index.php?rest_route=\/wp\/v2\/pages\/30\/revisions"}],"predecessor-version":[{"id":606,"href":"https:\/\/praxis-dr-seemann.de\/index.php?rest_route=\/wp\/v2\/pages\/30\/revisions\/606"}],"wp:attachment":[{"href":"https:\/\/praxis-dr-seemann.de\/index.php?rest_route=%2Fwp%2Fv2%2Fmedia&parent=30"}],"curies":[{"name":"wp","href":"https:\/\/api.w.org\/{rel}","templated":true}]}}