{"id":51,"date":"2019-05-18T17:13:10","date_gmt":"2019-05-18T17:13:10","guid":{"rendered":"http:\/\/test.praxis-dr-seemann.de\/?page_id=51"},"modified":"2019-05-19T22:03:48","modified_gmt":"2019-05-19T22:03:48","slug":"datenschutzerklaerung","status":"publish","type":"page","link":"https:\/\/praxis-dr-seemann.de\/?page_id=51","title":{"rendered":"Datenschutzerkl\u00e4rung"},"content":{"rendered":"\n<h5>Benennung der verantwortlichen Stelle<\/h5>\n\n\n\n<h4>Allgemeiner Hinweis und Pflichtinformationen<\/h4>\n\n\n\n<p>Die verantwortliche Stelle f\u00fcr die Datenverarbeitung auf dieser Website ist:<br><br>Dr. med. Karl-Heinz Seemann<br>Salzburgerstr. 33<br>55246 Mainz-Kostheim<br>Tel.: 06134-18250<br>info@praxis-dr-seemann.de <\/p>\n\n\n\n<h5>Widerruf Ihrer Einwilligung zur Datenverarbeitung:<\/h5>\n\n\n\n<p>Nur mit Ihrer ausdr\u00fccklichen Einwilligung sind einige Vorg\u00e4nge  der Datenverarbeitung m\u00f6glich. Ein Widerruf Ihrer bereits erteilten  Einwilligung ist jederzeit m\u00f6glich. F\u00fcr den Widerruf gen\u00fcgt eine  formlose Mitteilung per E-Mail. Die Rechtm\u00e4\u00dfigkeit der bis zum Widerruf  erfolgten Datenverarbeitung bleibt vom Widerruf unber\u00fchrt.<\/p>\n\n\n\n<h5>Recht auf Beschwerde bei der zust\u00e4ndigen Aufsichtsbeh\u00f6rde<\/h5>\n\n\n\n<p>Als Betroffener steht Ihnen im Falle eines \ndatenschutzrechtlichen Versto\u00dfes ein Beschwerderecht bei der zust\u00e4ndigen\n Aufsichtsbeh\u00f6rde zu. Zust\u00e4ndige Aufsichtsbeh\u00f6rde bez\u00fcglich \ndatenschutzrechtlicher Fragen ist der Landesdatenschutzbeauftragte des \nBundeslandes, in dem sich der Sitz unseres Unternehmens befindet. Der \nfolgende Link stellt eine Liste der Datenschutzbeauftragten sowie deren \nKontaktdaten bereit: \n\t\t\t\t\t\t\t<a href=\"https:\/\/www.bfdi.bund.de\/DE\/Infothek\/Anschriften_Links\/anschriften_links-node.html\" target=\"_blank\" rel=\"noreferrer noopener\">https:\/\/www.bfdi.bund.de\/DE\/Infothek\/Anschriften_Links\/anschriften_links-node.html<\/a>.<\/p>\n\n\n\n<h5>Recht auf Daten\u00fcbertragbarkeit<\/h5>\n\n\n\n<p>Ihnen steht das Recht zu, Daten, die wir auf Grundlage Ihrer \nEinwilligung oder in Erf\u00fcllung eines Vertrags automatisiert verarbeiten,\n an sich oder an Dritte aush\u00e4ndigen zu lassen. Die Bereitstellung \nerfolgt in einem maschinenlesbaren Format. Sofern Sie die direkte \n\u00dcbertragung der Daten an einen anderen Verantwortlichen verlangen, \nerfolgt dies nur, soweit es technisch machbar ist.<\/p>\n\n\n\n<h5>Recht auf Auskunft, Berichtigung, Sperrung, L\u00f6schung<\/h5>\n\n\n\n<p>Sie haben jederzeit im Rahmen der geltenden gesetzlichen \nBestimmungen das Recht auf unentgeltliche Auskunft \u00fcber Ihre \ngespeicherten personenbezogenen Daten, Herkunft der Daten, deren \nEmpf\u00e4nger und den Zweck der Datenverarbeitung und ggf. ein Recht auf \nBerichtigung, Sperrung oder L\u00f6schung dieser Daten. Diesbez\u00fcglich und \nauch zu weiteren Fragen zum Thema personenbezogene Daten k\u00f6nnen Sie sich\n jederzeit \u00fcber die im Impressum aufgef\u00fchrten Kontaktm\u00f6glichkeiten an \nuns wenden.<\/p>\n\n\n\n<h5>Server-Log-Dateien<\/h5>\n\n\n\n<p>In Server-Log-Dateien erhebt und speichert der Provider der \nWebsite automatisch Informationen, die Ihr Browser automatisch an uns \n\u00fcbermittelt. Dies sind:<\/p>\n\n\n\n<ul><li>Browsertyp und Browserversion<\/li><li>Verwendetes Betriebssystem<\/li><li>Referrer URL<\/li><li>Hostname des zugreifenden Rechners<\/li><li>Uhrzeit der Serveranfrage<\/li><li>IP-Adresse<\/li><\/ul>\n\n\n\n<p>Es findet keine Zusammenf\u00fchrung dieser Daten mit anderen \nDatenquellen statt. Grundlage der Datenverarbeitung bildet Art. 6 Abs. 1\n lit. b DSGVO, der die Verarbeitung von Daten zur Erf\u00fcllung eines \nVertrags oder vorvertraglicher Ma\u00dfnahmen gestattet.<br><\/p>\n\n\n\n<p>Quelle: Datenschutz-Konfigurator von <a href=\"http:\/\/www.mein-datenschutzbeauftragter.de\" target=\"_blank\" rel=\"noreferrer noopener\">mein-datenschutzbeauftragter.de<\/a><\/p>\n","protected":false},"excerpt":{"rendered":"<p>Benennung der verantwortlichen Stelle Allgemeiner Hinweis und Pflichtinformationen Die verantwortliche Stelle f\u00fcr die Datenverarbeitung auf dieser Website ist: Dr. med. Karl-Heinz SeemannSalzburgerstr. 3355246 Mainz-KostheimTel.: 06134-18250info@praxis-dr-seemann.de Widerruf Ihrer Einwilligung zur Datenverarbeitung: Nur mit Ihrer ausdr\u00fccklichen Einwilligung sind einige Vorg\u00e4nge der Datenverarbeitung m\u00f6glich. Ein Widerruf Ihrer bereits erteilten Einwilligung ist jederzeit m\u00f6glich. F\u00fcr den Widerruf gen\u00fcgt eine &hellip; <\/p>\n<p class=\"link-more\"><a href=\"https:\/\/praxis-dr-seemann.de\/?page_id=51\" class=\"more-link\"><span class=\"screen-reader-text\">\u201eDatenschutzerkl\u00e4rung\u201c<\/span> weiterlesen<\/a><\/p>\n","protected":false},"author":1,"featured_media":0,"parent":0,"menu_order":0,"comment_status":"closed","ping_status":"closed","template":"","meta":[],"_links":{"self":[{"href":"https:\/\/praxis-dr-seemann.de\/index.php?rest_route=\/wp\/v2\/pages\/51"}],"collection":[{"href":"https:\/\/praxis-dr-seemann.de\/index.php?rest_route=\/wp\/v2\/pages"}],"about":[{"href":"https:\/\/praxis-dr-seemann.de\/index.php?rest_route=\/wp\/v2\/types\/page"}],"author":[{"embeddable":true,"href":"https:\/\/praxis-dr-seemann.de\/index.php?rest_route=\/wp\/v2\/users\/1"}],"replies":[{"embeddable":true,"href":"https:\/\/praxis-dr-seemann.de\/index.php?rest_route=%2Fwp%2Fv2%2Fcomments&post=51"}],"version-history":[{"count":6,"href":"https:\/\/praxis-dr-seemann.de\/index.php?rest_route=\/wp\/v2\/pages\/51\/revisions"}],"predecessor-version":[{"id":144,"href":"https:\/\/praxis-dr-seemann.de\/index.php?rest_route=\/wp\/v2\/pages\/51\/revisions\/144"}],"wp:attachment":[{"href":"https:\/\/praxis-dr-seemann.de\/index.php?rest_route=%2Fwp%2Fv2%2Fmedia&parent=51"}],"curies":[{"name":"wp","href":"https:\/\/api.w.org\/{rel}","templated":true}]}}